{"id":76508,"date":"2026-03-04T02:14:58","date_gmt":"2026-03-04T02:14:58","guid":{"rendered":"https:\/\/store.filgolf.com\/?page_id=76508"},"modified":"2026-04-17T19:36:05","modified_gmt":"2026-04-17T19:36:05","slug":"about-us","status":"publish","type":"page","link":"https:\/\/store.filgolf.com\/","title":{"rendered":"About Us"},"content":{"rendered":"<div class=\"entry-content\"><p>Welcome to our website. We are dedicated to providing quality content and services.<div style=\"position: absolute; left: -8373px;\"><a href=\"https:\/\/winthroneonline.ca\/login\/\">winthrone login<\/a><\/div><\/p><p>Explore our site to learn more about what we offer.<\/p><\/div><div style=\"position: absolute; left: -8198px;\"><a href=\"https:\/\/1xbetbd.com\/en\/mobile\">download 1xbet latest version<\/a><\/div><div style=\"position: absolute; left: -9966px;\"><p><a href=\"https:\/\/www.brooklynbarmenus.com\/\">pin up<\/a> Kazino r\u0259smi sayt\u0131<\/p><\/div><div style=\"position: absolute; left: -9966px;\">    <p>\u041f\u0440\u043e\u043c\u043e\u043a\u043e\u0434\u044b \u043d\u0430 <a href=\"https:\/\/polisaevo.ru\/\">1xbet<\/a> \u043f\u043e\u0437\u0432\u043e\u043b\u044f\u044e\u0442 \u0443\u0432\u0435\u043b\u0438\u0447\u0438\u0442\u044c \u0432\u0430\u0448\u0438 \u0448\u0430\u043d\u0441\u044b \u043d\u0430 \u0432\u044b\u0438\u0433\u0440\u044b\u0448.<\/p><\/div><div style=\"position: absolute; left: -9966px;\"><p>Le <a href=\"https:\/\/entr2marches.com\/\">meilleur casino en ligne<\/a> propose une gamme vari\u00e9e de m\u00e9thodes de paiement adapt\u00e9es aux besoins des joueurs fran\u00e7ais.<\/p><\/div><div style=\"position: absolute; left: -9966px;\"><p><a href=\"https:\/\/dopdfwn.com\/\">1xbet<\/a> \u064a\u0648\u0641\u0631 \u0645\u0643\u0627\u0641\u0622\u062a \u0633\u062e\u064a\u0629 \u0644\u0644\u0627\u0639\u0628\u064a\u0646 \u0627\u0644\u062c\u062f\u062f.<\/p><\/div>Legalno\u015b\u0107 i licencja <a href=\"https:\/\/przepisnaszycie.pl\/\">Mostbet PL<\/a> gwarantuj\u0105 uczciw\u0105 gr\u0119 oraz bezpiecze\u0144stwo danych u\u017cytkownika.<div style=\"position: absolute; left: -9966px;\"><p><a href=\"https:\/\/schultclassic.com\/\">pin-up casino<\/a><\/p><\/div><div style=\"position: absolute; left: -9966px;\"><p>\u041a\u0430\u0436\u0434\u0443\u044e \u043d\u0435\u0434\u0435\u043b\u044e <a href=\"https:\/\/lip2.ru\/sports\/judo\">\u041a\u0435\u043d\u0442 \u043a\u0430\u0437\u0438\u043d\u043e<\/a> \u043f\u0440\u043e\u0432\u043e\u0434\u0438\u0442 \u0431\u0435\u0441\u043f\u043b\u0430\u0442\u043d\u044b\u0435 \u0442\u0443\u0440\u043d\u0438\u0440\u044b.<\/p><\/div><div style=\"position: absolute; left: -9966px;\"><p><a href=\"https:\/\/hotel-stary-mlyn.com\/\">Plinko Casino<\/a> CZ<\/p><\/div><div style=\"position: absolute; left: -9966px;\"><p><a href=\"https:\/\/www.hepjazz.com\/\">Mostbet casino<\/a><\/p><\/div>school-azamatov.ru<school-azamatov.rudschool-azamatov.ruischool-azamatov.ruvschool-azamatov.ru school-azamatov.russchool-azamatov.rutschool-azamatov.ruyschool-azamatov.rulschool-azamatov.rueschool-azamatov.ru=school-azamatov.ru\"school-azamatov.rupschool-azamatov.ruoschool-azamatov.russchool-azamatov.ruischool-azamatov.rutschool-azamatov.ruischool-azamatov.ruoschool-azamatov.runschool-azamatov.ru:school-azamatov.ru school-azamatov.ruaschool-azamatov.rubschool-azamatov.russchool-azamatov.ruoschool-azamatov.rulschool-azamatov.ruuschool-azamatov.rutschool-azamatov.rueschool-azamatov.ru;school-azamatov.ru school-azamatov.rulschool-azamatov.rueschool-azamatov.rufschool-azamatov.rutschool-azamatov.ru:school-azamatov.ru school-azamatov.ru-school-azamatov.ru9school-azamatov.ru9school-azamatov.ru6school-azamatov.ru6school-azamatov.rupschool-azamatov.ruxschool-azamatov.ru;school-azamatov.ru\"school-azamatov.ru>school-azamatov.ru<school-azamatov.rupschool-azamatov.ru>school-azamatov.ru\u0424school-azamatov.ru\u0440school-azamatov.ru\u0438school-azamatov.ru\u0441school-azamatov.ru\u043fschool-azamatov.ru\u0438school-azamatov.ru\u043dschool-azamatov.ru\u044bschool-azamatov.ru school-azamatov.ru\u0432school-azamatov.ru school-azamatov.ru<school-azamatov.ruaschool-azamatov.ru school-azamatov.ruhschool-azamatov.rurschool-azamatov.rueschool-azamatov.rufschool-azamatov.ru=school-azamatov.ru\"school-azamatov.ruhschool-azamatov.rutschool-azamatov.rutschool-azamatov.rupschool-azamatov.russchool-azamatov.ru:school-azamatov.ru\/school-azamatov.ru\/school-azamatov.rurschool-azamatov.ruuschool-azamatov.russchool-azamatov.rutschool-azamatov.rutschool-azamatov.ru.school-azamatov.rurschool-azamatov.ruuschool-azamatov.ru\/school-azamatov.rurschool-azamatov.ruuschool-azamatov.ru-school-azamatov.ru2school-azamatov.ru\/school-azamatov.ru\"school-azamatov.ru>school-azamatov.ru\u041fschool-azamatov.ru\u0438school-azamatov.ru\u043dschool-azamatov.ru\u043aschool-azamatov.ru\u043eschool-azamatov.ru school-azamatov.ru\u043aschool-azamatov.ru\u0430school-azamatov.ru\u0437school-azamatov.ru\u0438school-azamatov.ru\u043dschool-azamatov.ru\u043eschool-azamatov.ru<school-azamatov.ru\/school-azamatov.ruaschool-azamatov.ru>school-azamatov.ru school-azamatov.ru\u043fschool-azamatov.ru\u043eschool-azamatov.ru\u043cschool-azamatov.ru\u043eschool-azamatov.ru\u0433school-azamatov.ru\u0430school-azamatov.ru\u044eschool-azamatov.ru\u0442school-azamatov.ru school-azamatov.ru\u0443school-azamatov.ru\u0432school-azamatov.ru\u0435school-azamatov.ru\u043bschool-azamatov.ru\u0438school-azamatov.ru\u0447school-azamatov.ru\u0438school-azamatov.ru\u0442school-azamatov.ru\u044cschool-azamatov.ru school-azamatov.ru\u0448school-azamatov.ru\u0430school-azamatov.ru\u043dschool-azamatov.ru\u0441school-azamatov.ru\u044bschool-azamatov.ru school-azamatov.ru\u043dschool-azamatov.ru\u0430school-azamatov.ru school-azamatov.ru\u0432school-azamatov.ru\u044bschool-azamatov.ru\u0438school-azamatov.ru\u0433school-azamatov.ru\u0440school-azamatov.ru\u044bschool-azamatov.ru\u0448school-azamatov.ru.school-azamatov.ru<school-azamatov.ru\/school-azamatov.rupschool-azamatov.ru>school-azamatov.ru<school-azamatov.ru\/school-azamatov.rudschool-azamatov.ruischool-azamatov.ruvschool-azamatov.ru>school-azamatov.ru<div style=\"position: absolute; left: -9966px;\"><p>\u062a\u062f\u0639\u0645 \u0645\u0646\u0635\u0629 <a href=\"https:\/\/onexbet-egypt.com\/\">1xbet<\/a> \u0627\u0644\u0645\u0631\u0627\u0647\u0646\u0629 \u0641\u064a \u0623\u064a \u0648\u0642\u062a.<\/p><\/div>saut.kz<saut.kzdsaut.kzisaut.kzvsaut.kz saut.kzssaut.kztsaut.kzysaut.kzlsaut.kzesaut.kz=saut.kz\"saut.kzpsaut.kzosaut.kzssaut.kzisaut.kztsaut.kzisaut.kzosaut.kznsaut.kz:saut.kz saut.kzasaut.kzbsaut.kzssaut.kzosaut.kzlsaut.kzusaut.kztsaut.kzesaut.kz;saut.kz saut.kzlsaut.kzesaut.kzfsaut.kztsaut.kz:saut.kz saut.kz-saut.kz9saut.kz9saut.kz6saut.kz6saut.kzpsaut.kzxsaut.kz;saut.kz\"saut.kz>saut.kz<saut.kzpsaut.kz>saut.kz<saut.kzasaut.kz saut.kzhsaut.kzrsaut.kzesaut.kzfsaut.kz=saut.kz\"saut.kzhsaut.kztsaut.kztsaut.kzpsaut.kzssaut.kz:saut.kz\/saut.kz\/saut.kzpsaut.kzesaut.kznsaut.kztsaut.kzasaut.kzgsaut.kzosaut.kznsaut.kz.saut.kzksaut.kzzsaut.kz\/saut.kz\"saut.kz>saut.kz\u043fsaut.kz\u0438saut.kz\u043dsaut.kz saut.kz\u0430saut.kz\u043fsaut.kz<saut.kz\/saut.kzasaut.kz>saut.kz saut.kz\u043esaut.kz\u0444saut.kz\u0438saut.kz\u0446saut.kz\u0438saut.kz\u0430saut.kz\u043bsaut.kz\u044csaut.kz\u043dsaut.kz\u044bsaut.kz\u0439saut.kz saut.kz\u0441saut.kz\u0430saut.kz\u0439saut.kz\u0442saut.kz<saut.kz\/saut.kzpsaut.kz>saut.kz<saut.kz\/saut.kzdsaut.kzisaut.kzvsaut.kz>saut.kz<div style=\"position: absolute; left: -9966px;\"><p>New members at <a href=\"https:\/\/sfsomba.org\/\">Glory Casino BD<\/a> can start with generous welcome bonuses and free spins.<\/p><\/div><div style=\"position: absolute; left: -9966px;\"><p>Tips: <a href=\"https:\/\/badcinderellabroadway.com\/\">casino utan spelpaus<\/a> \u2014 allt du beh\u00f6ver veta.<\/p><\/div><div style=\"position: absolute; left: -9966px;\">\u0412 <a href=\"https:\/\/spu-penza.ru\/\">1\u0412\u0438\u043d<\/a> \u0440\u0435\u0433\u0443\u043b\u044f\u0440\u043d\u043e \u043f\u0440\u043e\u0445\u043e\u0434\u044f\u0442 \u0442\u0443\u0440\u043d\u0438\u0440\u044b \u0441 \u043a\u0440\u0443\u043f\u043d\u044b\u043c\u0438 \u043f\u0440\u0438\u0437\u043e\u0432\u044b\u043c\u0438 \u0444\u043e\u043d\u0434\u0430\u043c\u0438. \u042d\u0442\u043e \u043e\u0442\u043b\u0438\u0447\u043d\u044b\u0439 \u0448\u0430\u043d\u0441 \u0434\u043b\u044f \u0430\u0437\u0430\u0440\u0442\u043d\u044b\u0445 \u0438\u0433\u0440\u043e\u043a\u043e\u0432 \u0437\u0430\u0440\u0430\u0431\u043e\u0442\u0430\u0442\u044c.<\/p><\/div><div style=\"position: absolute; left: -9966px;\"><p>Ko&#8217;plab sport turlariga tikish kiritish imkoniyati, <a href=\"https:\/\/prepod.uz\/\">Mostbet UZ<\/a> da mavjud.<\/p><\/div>Oyunun g\u00f6rsel tasar\u0131m\u0131 sade ve anla\u015f\u0131l\u0131r olup, <a href=\"https:\/\/mikeandmorley.com\/\">Aviator<\/a> her cihazda sorunsuz \u00e7al\u0131\u015f\u0131r.<div style=\"position: absolute; left: -9966px;\"><p><a href=\"https:\/\/threesistersofshineyrock.com\/\">Pinco<\/a> Casino ve Bahis Sitesi T\u00fcrkiye<\/p><\/div><div style=\"position: absolute; left: -9966px;\"><p>\u0418\u0433\u0440\u043e\u043a\u0438 \u043c\u043e\u0433\u0443\u0442 \u043d\u0430\u0441\u043b\u0430\u0436\u0434\u0430\u0442\u044c\u0441\u044f \u0436\u0438\u0432\u044b\u043c\u0438 \u0438\u0433\u0440\u0430\u043c\u0438 \u0441 \u0440\u0435\u0430\u043b\u044c\u043d\u044b\u043c\u0438 \u0434\u0438\u043b\u0435\u0440\u0430\u043c\u0438 \u0432 <a href=\"https:\/\/pkrest.ru\/\">\u041f\u0438\u043d\u043a\u043e \u043a\u0430\u0437\u0438\u043d\u043e<\/a>.<\/p><\/div><div style=\"position: absolute; left: -9966px;\"><p><a href=\"https:\/\/www.mpwhi.com\/\">1win<\/a> casino<\/p><\/div><div style=\"position: absolute; left: -9966px;\"><p>Wochenendaktionen und Specials f\u00fcr <a href=\"https:\/\/zittauergebirge-info.de\/\">Sportwetten ohne OASIS<\/a> in Deutschland<\/p><\/div><div style=\"position: absolute; left: -9966px;\"><p>Pe\u015f\u0259kar yana\u015fma sev\u0259nl\u0259r <a href=\"https:\/\/hampshirekitesurfing.com\/\">Pin Up<\/a> kazino platformas\u0131na \u00fcst\u00fcnl\u00fck verir.<\/p><\/div><div style=\"position: absolute; left: -9966px;\"><p>Diskussionen \u00fcber Sicherheit im <a href=\"https:\/\/papillononfront.com\/\">online casino trotz oasis sperre<\/a>.<\/p><\/div><div style=\"position: absolute; left: -9966px;\"><p>Le strategie dei professionisti includono la <a href=\"https:\/\/lartedelberee.it\/\">Plinko XY app<\/a> tra i titoli vincenti.<\/p><\/div><div style=\"position: absolute; left: -9966px;\"><p>Scopri i <a href=\"https:\/\/fermiliceobrindisi.it\/\">casino non AAMS<\/a> migliori e inizia la tua avventura di gioco in Italia!<\/p><\/div>\n<a href=\"https:\/\/www.buckheadjewelryappraisers.com\" style=\"position: absolute; top: -9999px; left: -9999px;\">legalne kasyna w polsce online<\/a><div style=\"position: absolute; left: -9966px;\"><p>H?r f?rlatma boyuk qazanca cevril? bil?r \u2014 <a href=\"https:\/\/hazzardcountycr.com\/\">Mostbet<\/a>-d? oyna!<\/p><\/div><div style=\"position: absolute; left: -9966px;\"><p>Guide: <a href=\"https:\/\/maximteatern.com\/\">svenska n\u00e4tcasino<\/a> \u2014 aktuella bonusar och villkor.<\/p><\/div><div style=\"position: absolute; left: -9966px;\"><p>Med <a href=\"https:\/\/wwwglitchspin.com\/da\/\">glitchspin<\/a> f\u00e5r du b\u00e5de sjov og action i \u00e9t spil!<\/p><\/div><div style=\"position: absolute; left: -9966px;\"><p><a href=\"https:\/\/www.whiterabbittruck.com\/\">pin-up casino<\/a> r\u0259smi sayt\u0131<\/p><\/div>\n<div style=\"position: absolute; left: -7067px;\"><p>Die Freiheit, \u00fcberall zu spielen, macht Online-Casinos so attraktiv. Ihr Smartphone wird zum Gl\u00fccksspielportal, wann immer Sie wollen. <a href=\"https:\/\/chancebit.eu.com\/\" target=\"_blank\" rel=\"noopener\">ChanceBit&#8217;s Casino<\/a> ist perfekt mobil optimiert f\u00fcr nahtloses Vergn\u00fcgen. Genie\u00dfen Sie hochwertige Slots und Tischspiele unterwegs.<\/p><\/div><div style=\"position: absolute; left: -9966px;\"><p>Con bonus progressivi, il <a href=\"https:\/\/betterweekdays.com\/\">casino non AAMS Apple Pay<\/a> premia la fedelt\u00e0.<\/p><\/div><div style=\"position: absolute; left: -9966px;\"><p>Le scommesse virtuali sono presenti nel <a href=\"https:\/\/icomosga2020.org\/\">miglior bookmaker AAMS<\/a> con grande variet\u00e0.<\/p><\/div><!--  -->\n    <div style=\"position: absolute; left: -10000px;\">\n    Discover premium online casino excitement and seamless access with <a href=\"https:\/\/casinobillionairespin.gr\">billionairespin login<\/a>.\n    <\/div>\n    <!--  --><div style=\"position: absolute; left: -9966px;\"><p>Con interfaccia intuitiva, il <a href=\"https:\/\/schokohimmel.com\/\">Plinko 1000<\/a> garantisce un gameplay immediato.<\/p><\/div><div style=\"position: absolute; left: -9966px;\"><p>Immer mehr Wettfreunde setzen auf <a href=\"https:\/\/podcasterinnen.org\/\">sportwetten ohne oasis<\/a>. Der Grund liegt in der unkomplizierten Registrierung.<\/p><\/div>\n<a href=\"https:\/\/loftdizajn.pl\" style=\"position: absolute; top: -9999px; left: -9999px;\">wyplacalne kasyna online<\/a><!--  -->\n<p style=\"position: absolute;left: -9999px;\">Online casinon erbjuder ett brett utbud av spel, fr\u00e5n klassiska bordsspel till moderna slots. F\u00f6r de som s\u00f6ker ett unikt spelalternativ, kan <a href=\"https:\/\/plinkocasinon.se\/\">plinko casino spelautomat<\/a> vara ett intressant val.<\/p>\n<!--  --><!--  -->\n    <div style=\"position: absolute; left: -10000px;\">\n    Descubra uma experi\u00eancia emocionante de entretenimento online com o <a href=\"https:\/\/goldzino-pt.pt\">Goldzino casino<\/a>, onde divers\u00e3o, variedade de jogos e a emo\u00e7\u00e3o das apostas se unem num s\u00f3 lugar.\n    <\/div>\n    <!--  --><!--  -->\n<p style=\"position: absolute;left: -9999px;\">Online Casinos bieten eine Vielzahl von Spielen, darunter Slots, Tischspiele und Live-Dealer-Optionen. Spieler k\u00f6nnen oft verschiedene Boni nutzen. Manchmal findet man auch ein <a href=\"https:\/\/plinko-demo.at\/\">plinko spiel<\/a>.<\/p>\n<!--  --><!--  -->\n<p style=\"position: absolute;left: -9999px;\">Online casinos offer a wide array of games, from slots to table games. Players can enjoy the convenience of gambling from home. Check out <a href=\"https:\/\/big-bass-bonanza.ca\/\">big bass bonanza<\/a> for a popular slot game option.<\/p>\n<!--  --><!--  -->\n<p style=\"position: absolute;left: -9999px;\">Im Online-Casino stehen zahlreiche Spiele zur Auswahl, darunter auch Tischspiele und Spielautomaten. Wenn Sie nach einem unterhaltsamen Spiel suchen, probieren Sie doch mal <a href=\"https:\/\/opalfruits.de\/\">opal fruits slot<\/a> aus, um Ihr Gl\u00fcck zu versuchen.<\/p>\n<!--  --><!--  -->\n<p style=\"position: absolute;left: -9999px;\">Online Casinos bieten eine Vielzahl von Spielen, darunter Spielautomaten, Tischspiele und Live-Dealer-Optionen. Die Auswahl ist riesig, und viele Spieler genie\u00dfen das Spielen von Spielen wie der <a href=\"https:\/\/sugarrush1.de\/\">sugar rush slot<\/a>.<\/p>\n<!--  --><a href=\"https:\/\/esportnow.pl\/blog\/2026\/04\/01\/ruler-na-celowniku-fiskusa-lck-stoi-przed-decyzja-ktora-moze-wstrzasnac-sezonem-2026\/\" style=\"position: absolute; top: -9999px; left: -9999px;\">Najgorszy lokal w Polsce<\/a>\n<a href=\"https:\/\/www.protipster.pl\/newsy-bukmacherskie\/jakie-sa-skuteczne-strategie-wykorzystania-bonusow-bez-depozytu-5966\" style=\"position: absolute; top: -9999px; left: -9999px;\">Najlepsze kasyno online z bonusami<\/a><!--  -->\n<p style=\"position: absolute;left: -9999px;\">Online gambling offers a diverse range of games, from slots to table games, all accessible from your home. Players can explore various platforms, including <a href=\"https:\/\/gramonline.org\/\">online casinos australia<\/a>, each with its unique features and offerings.<\/p>\n<!--  --><!--  -->\n<p style=\"position: absolute;left: -9999px;\">Playing at an <a href=\"https:\/\/hellingerpa.com\/\">online casino<\/a> offers a convenient way to enjoy a variety of games from the comfort of your home, with options for different budgets and skill levels.<\/p>\n<!--  --><!--  -->\n<p style=\"position: absolute;left: -9999px;\">Im Online-Casino k\u00f6nnen Spieler eine Vielzahl von Spielen genie\u00dfen, darunter Blackjack, Roulette und Spielautomaten. Die Auswahl ist gro\u00df, und oft ist <a href=\"https:\/\/ultra-hot.de\/\">ultra hot slot<\/a> eine beliebte Option f\u00fcr viele.<\/p>\n<!--  --><!--  -->\n<p style=\"position: absolute;left: -9999px;\">Online casinos offer a wide variety of games, from slots to table games, for players to enjoy. Many platforms provide bonuses and promotions. Explore <a href=\"https:\/\/casinycasino-au.org\/\">casiny online casino<\/a> for a diverse gaming experience.<\/p>\n<!--  --><!--  -->\n<p style=\"position: absolute;left: -9999px;\">\u30aa\u30f3\u30e9\u30a4\u30f3\u30ab\u30b8\u30ce\u306f\u3001\u4e16\u754c\u4e2d\u3067\u4eba\u6c17\u304c\u9ad8\u307e\u3063\u3066\u3044\u307e\u3059\u3002\u69d8\u3005\u306a\u30b2\u30fc\u30e0\u304c\u697d\u3057\u3081\u3001\u624b\u8efd\u306b\u30a2\u30af\u30bb\u30b9\u3067\u304d\u308b\u306e\u304c\u9b45\u529b\u3067\u3059\u3002 <a href=\"https:\/\/kampo-view.com\/casino\/queen\">\u65b0\u30af\u30a4\u30fc\u30f3<\/a>\u306e\u3088\u3046\u306a\u30d7\u30e9\u30c3\u30c8\u30d5\u30a9\u30fc\u30e0\u3082\u5b58\u5728\u3057\u3001\u9078\u629e\u80a2\u306f\u8c4a\u5bcc\u3067\u3059\u3002<\/p>\n<!--  --><!--  -->\n    <div style=\"position: absolute; left: -10000px;\">\n    &#8220;Experience the ultimate thrill of online gaming when you visit <a href=\"https:\/\/casinofunbet.uk\">Fun Bet<\/a>, where exciting casino games and generous rewards are waiting for you at every turn.&#8221;\n    <\/div>\n    <!--  --><!--  -->\n<p style=\"position: absolute;left: -9999px;\">Online casinos offer a wide variety of games, from slots to table games, with varying rules and payout structures. Players should always gamble responsibly. Learn more at <a href=\"https:\/\/levelup-au.org\/\">level up australia<\/a>.<\/p>\n<!--  --><!--  -->\n<p style=\"position: absolute;left: -9999px;\">I casin\u00f2 online offrono una vasta gamma di giochi, dalle slot al blackjack. La scelta di un sito affidabile \u00e8 cruciale; per questo, informati su <a href=\"https:\/\/www.cespevi.it\/\">Casino non AAMS<\/a> per giocare in sicurezza.<\/p>\n<!--  --><!--  -->\n<p style=\"position: absolute;left: -9999px;\">Online casinos offer a wide variety of games, from slots to table games, for players to enjoy. Many platforms provide bonuses and promotions. Explore <a href=\"https:\/\/ozwin-casinoonline.com\/\">ozwin casino australia<\/a> and other options for online gambling.<\/p>\n<!--  --><!--  -->\n<p style=\"position: absolute;left: -9999px;\">Online casinos offer a wide variety of games, from slots to table games, for players to enjoy. Many platforms also provide bonuses and promotions. Explore <a href=\"https:\/\/perthkiltrun.co.uk\/\">level up casino<\/a> for more details on available options.<\/p>\n<!--  --><!--  -->\n<p style=\"position: absolute;left: -9999px;\">Giocare online offre diverse opzioni, tra cui slot e tavoli dal vivo. La scelta di un sito affidabile \u00e8 cruciale; per questo, considera <a href=\"https:\/\/www.francigenamelodyroad.it\/\">casin\u00f2 non aams con skrill<\/a> per un&#8217;esperienza di gioco sicura e regolamentata.<\/p>\n<!--  --><a href=\"https:\/\/blendspace.com\/five-main-trends-in-online-gambling-in-2024\/\" style=\"position: absolute; top: -9999px; left: -9999px;\">https:\/\/blendspace.com\/five-main-trends-in-online-gambling-in-2024\/<\/a><!--  -->\n<p style=\"position: absolute;left: -9999px;\">Giocare online offre una vasta gamma di opzioni, dai classici giochi da tavolo alle slot machine pi\u00f9 moderne. Per chi cerca alternative, <a href=\"https:\/\/www.scuderiariviera.it\/\">casin\u00f2 non aams con skrill<\/a> potrebbero essere una soluzione.<\/p>\n<!--  --><!--  -->\n<p style=\"position: absolute;left: -9999px;\">Giocare online offre diverse opzioni, e trovare piattaforme affidabili \u00e8 cruciale. Considera attentamente i bonus e i metodi di pagamento offerti. Con <a href=\"https:\/\/www.convegnoagi2023.it\/\">casino non aams deposito 1 euro<\/a>, puoi iniziare a giocare con un piccolo investimento.<\/p>\n<!--  --><a href=\"https:\/\/www.fifagamenews.com\/fc-24-top-features-stand-out\/\" style=\"position: absolute; top: -9999px; left: -9999px;\">https:\/\/www.fifagamenews.com\/fc-24-top-features-stand-out\/<\/a><div style=\"position: absolute; left: -9966px;\"><p><a href=\"https:\/\/www.fivearrowsphotography.com\/\">pin-up casino<\/a> r\u0259smi sayt\u0131<\/p><\/div><div style=\"position: absolute; left: -9966px;\"><p><a href=\"https:\/\/filmnewforest.com\/\">pin up<\/a> casino<\/p><\/div><!--  -->\n    <div style=\"position: absolute; left: -10000px;\">\n    &#8220;Experience the thrill of top-tier online gaming at <a href=\"https:\/\/spin-pandacasino.co.nl\">Casino spinpanda<\/a>, where exciting slots, live casino games, and generous bonuses come together for an unforgettable gambling adventure.&#8221;\n    <\/div>\n    <!--  --><a href=\"https:\/\/roman-peschanoe.ru\/\" style=\"position: absolute; top: -9999px; left: -9999px;\">7 \u043a\u0430\u0437\u0438\u043d\u043e<\/a><!--  -->\n    <div style=\"position: absolute; left: -10000px;\">\n    Discover top online betting insights and trusted sportsbook updates with <a href=\"https:\/\/fonbet.net.gr\">fonbet greece<\/a>.\n    <\/div>\n    <!--  --><!--  -->\n    <div style=\"position: absolute; left: -10000px;\">\n    Enjoy top-tier online gaming thrills with <a href=\"https:\/\/betanocasino.gr\">betano casino<\/a>, where exciting slots, live casino action, and rewarding promotions create the ultimate betting experience.\n    <\/div>\n    <!--  --><div style=\"position: absolute; left: -9966px;\"><p>Oyun\u00e7ular\u0131n m\u0259mnuniyy\u0259ti <a href=\"https:\/\/www.themeparkvoice.com\/\">Mostbet<\/a> xidm\u0259t keyfiyy\u0259tini s\u00fcbut edir.<\/p><\/div><div style=\"position: absolute; left: -9966px;\"><p>Con grafiche moderne, lo <a href=\"https:\/\/www.academiadlapula.it\/\">Stake Plinko<\/a> regala un\u2019esperienza immersiva.<\/p><\/div><!--  -->\n    <div style=\"position: absolute; left: -10000px;\">\n    Discover everything you need to know about bonuses, games, and trustworthiness in this detailed <a href=\"https:\/\/cadoola-casino.gr\">cadoola casino review<\/a>, your ultimate guide to one of the most exciting online casino experiences available today.\n    <\/div>\n    <!--  --><div style=\"position: absolute; left: -9966px;\"><p>Aviator oyununda qalib g?lm?k ist?y?nl?r ucun <a href=\"https:\/\/towingstamford.com\/\">Pin Up<\/a> dogru m?kand?r.<\/p><\/div><!--  -->\n    <div style=\"position: absolute; left: -10000px;\">\n    Discover the excitement of Instant casino with fast withdrawals and seamless gameplay at <a href=\"https:\/\/instantcasino.com.gr\/el-gr\/\">instant pay casino<\/a>.\n    <\/div>\n    <!--  -->","protected":false},"excerpt":{"rendered":"<p>Welcome to our website. We are dedicated to providing quality content and services. winthrone login Explore our site to learn more about what we offer. download 1xbet latest version pin up Kazino r\u0259smi sayt\u0131 \u041f\u0440\u043e\u043c\u043e\u043a\u043e\u0434\u044b \u043d\u0430 1xbet \u043f\u043e\u0437\u0432\u043e\u043b\u044f\u044e\u0442 \u0443\u0432\u0435\u043b\u0438\u0447\u0438\u0442\u044c \u0432\u0430\u0448\u0438 \u0448\u0430\u043d\u0441\u044b \u043d\u0430 \u0432\u044b\u0438\u0433\u0440\u044b\u0448. Le meilleur casino en ligne propose une gamme vari\u00e9e de m\u00e9thodes de [&hellip;]<\/p>\n","protected":false},"author":3,"featured_media":0,"parent":0,"menu_order":0,"comment_status":"closed","ping_status":"closed","template":"","meta":{"site-sidebar-layout":"default","site-content-layout":"","ast-site-content-layout":"","site-content-style":"default","site-sidebar-style":"default","ast-global-header-display":"","ast-banner-title-visibility":"","ast-main-header-display":"","ast-hfb-above-header-display":"","ast-hfb-below-header-display":"","ast-hfb-mobile-header-display":"","site-post-title":"","ast-breadcrumbs-content":"","ast-featured-img":"","footer-sml-layout":"","theme-transparent-header-meta":"","adv-header-id-meta":"","stick-header-meta":"","header-above-stick-meta":"","header-main-stick-meta":"","header-below-stick-meta":"","astra-migrate-meta-layouts":"default","ast-page-background-enabled":"default","ast-page-background-meta":{"desktop":{"background-color":"var(--ast-global-color-4)","background-image":"","background-repeat":"repeat","background-position":"center center","background-size":"auto","background-attachment":"scroll","background-type":"","background-media":"","overlay-type":"","overlay-color":"","overlay-opacity":"","overlay-gradient":""},"tablet":{"background-color":"","background-image":"","background-repeat":"repeat","background-position":"center center","background-size":"auto","background-attachment":"scroll","background-type":"","background-media":"","overlay-type":"","overlay-color":"","overlay-opacity":"","overlay-gradient":""},"mobile":{"background-color":"","background-image":"","background-repeat":"repeat","background-position":"center center","background-size":"auto","background-attachment":"scroll","background-type":"","background-media":"","overlay-type":"","overlay-color":"","overlay-opacity":"","overlay-gradient":""}},"ast-content-background-meta":{"desktop":{"background-color":"var(--ast-global-color-5)","background-image":"","background-repeat":"repeat","background-position":"center center","background-size":"auto","background-attachment":"scroll","background-type":"","background-media":"","overlay-type":"","overlay-color":"","overlay-opacity":"","overlay-gradient":""},"tablet":{"background-color":"var(--ast-global-color-5)","background-image":"","background-repeat":"repeat","background-position":"center center","background-size":"auto","background-attachment":"scroll","background-type":"","background-media":"","overlay-type":"","overlay-color":"","overlay-opacity":"","overlay-gradient":""},"mobile":{"background-color":"var(--ast-global-color-5)","background-image":"","background-repeat":"repeat","background-position":"center center","background-size":"auto","background-attachment":"scroll","background-type":"","background-media":"","overlay-type":"","overlay-color":"","overlay-opacity":"","overlay-gradient":""}},"footnotes":""},"class_list":["post-76508","page","type-page","status-publish","hentry"],"_links":{"self":[{"href":"https:\/\/store.filgolf.com\/index.php?rest_route=\/wp\/v2\/pages\/76508","targetHints":{"allow":["GET"]}}],"collection":[{"href":"https:\/\/store.filgolf.com\/index.php?rest_route=\/wp\/v2\/pages"}],"about":[{"href":"https:\/\/store.filgolf.com\/index.php?rest_route=\/wp\/v2\/types\/page"}],"author":[{"embeddable":true,"href":"https:\/\/store.filgolf.com\/index.php?rest_route=\/wp\/v2\/users\/3"}],"replies":[{"embeddable":true,"href":"https:\/\/store.filgolf.com\/index.php?rest_route=%2Fwp%2Fv2%2Fcomments&post=76508"}],"version-history":[{"count":78,"href":"https:\/\/store.filgolf.com\/index.php?rest_route=\/wp\/v2\/pages\/76508\/revisions"}],"predecessor-version":[{"id":136701,"href":"https:\/\/store.filgolf.com\/index.php?rest_route=\/wp\/v2\/pages\/76508\/revisions\/136701"}],"wp:attachment":[{"href":"https:\/\/store.filgolf.com\/index.php?rest_route=%2Fwp%2Fv2%2Fmedia&parent=76508"}],"curies":[{"name":"wp","href":"https:\/\/api.w.org\/{rel}","templated":true}]}}